{"id":13274,"date":"2021-06-30T13:29:29","date_gmt":"2021-06-30T11:29:29","guid":{"rendered":"https:\/\/loxam.com\/actus-et-presse\/"},"modified":"2022-09-26T16:53:05","modified_gmt":"2022-09-26T14:53:05","slug":"news-press-releases","status":"publish","type":"page","link":"https:\/\/loxam.com\/en\/news-press-releases\/","title":{"rendered":"News &#038; Press releases"},"content":{"rendered":"\t\t<div data-elementor-type=\"wp-page\" data-elementor-id=\"13274\" class=\"elementor elementor-13274 elementor-240\">\n\t\t\t\t\t\t<section class=\"elementor-section elementor-top-section elementor-element elementor-element-3a281ac4 elementor-section-boxed elementor-section-height-default elementor-section-height-default wpr-particle-no wpr-jarallax-no wpr-parallax-no wpr-sticky-section-no qodef-elementor-content-no\" data-id=\"3a281ac4\" data-element_type=\"section\" data-e-type=\"section\">\n\t\t\t\t\t\t<div class=\"elementor-container elementor-column-gap-default\">\n\t\t\t\t\t<div class=\"elementor-column elementor-col-100 elementor-top-column elementor-element elementor-element-6ecc21cf\" data-id=\"6ecc21cf\" data-element_type=\"column\" data-e-type=\"column\">\n\t\t\t<div class=\"elementor-widget-wrap elementor-element-populated\">\n\t\t\t\t\t\t<div class=\"elementor-element elementor-element-8359e49 elementor-widget elementor-widget-spacer\" data-id=\"8359e49\" data-element_type=\"widget\" data-e-type=\"widget\" data-widget_type=\"spacer.default\">\n\t\t\t\t<div class=\"elementor-widget-container\">\n\t\t\t\t\t\t\t<div class=\"elementor-spacer\">\n\t\t\t<div class=\"elementor-spacer-inner\"><\/div>\n\t\t<\/div>\n\t\t\t\t\t\t<\/div>\n\t\t\t\t<\/div>\n\t\t\t\t<div class=\"elementor-element elementor-element-61ca60d elementor-widget elementor-widget-heading\" data-id=\"61ca60d\" data-element_type=\"widget\" data-e-type=\"widget\" data-widget_type=\"heading.default\">\n\t\t\t\t<div class=\"elementor-widget-container\">\n\t\t\t\t\t<h2 class=\"elementor-heading-title elementor-size-default\">News and Press Releases<\/h2>\t\t\t\t<\/div>\n\t\t\t\t<\/div>\n\t\t\t\t<div class=\"elementor-element elementor-element-1d95b0e elementor-widget-divider--view-line elementor-widget elementor-widget-divider\" data-id=\"1d95b0e\" data-element_type=\"widget\" data-e-type=\"widget\" data-widget_type=\"divider.default\">\n\t\t\t\t<div class=\"elementor-widget-container\">\n\t\t\t\t\t\t\t<div class=\"elementor-divider\">\n\t\t\t<span class=\"elementor-divider-separator\">\n\t\t\t\t\t\t<\/span>\n\t\t<\/div>\n\t\t\t\t\t\t<\/div>\n\t\t\t\t<\/div>\n\t\t\t\t<div class=\"elementor-element elementor-element-786ea7f elementor-widget elementor-widget-qi_addons_for_elementor_blog_list\" data-id=\"786ea7f\" data-element_type=\"widget\" data-e-type=\"widget\" data-widget_type=\"qi_addons_for_elementor_blog_list.default\">\n\t\t\t\t<div class=\"elementor-widget-container\">\n\t\t\t\t\t<div class=\"qodef-shortcode qodef-m qodef-addons-blog-list qodef-info-no-icons qodef-image--hover-zoom qodef-qi-grid qodef-layout--qi-columns qodef-col-num--1 qodef-item-layout--side-image qodef-responsive--predefined\" >\n\t<div class=\"qodef-grid-inner\">\n\t\t<article class=\"qodef-e qodef-blog-item qodef-grid-item qodef-item--full post-17878 post type-post status-publish format-standard has-post-thumbnail hentry category-press-release\">\n\t<div class=\"qodef-e-inner\">\n\t\t<div class=\"qodef-e-media\">\n\t\t<div class=\"qodef-e-media-image\">\n\t\t<a itemprop=\"url\" href=\"https:\/\/loxam.com\/en\/group-performance-2025\/\">\n\t\t\t<img fetchpriority=\"high\" decoding=\"async\" width=\"800\" height=\"400\" src=\"https:\/\/loxam.com\/wp-content\/uploads\/2017\/06\/Loxam-communique-presse.jpg\" class=\"attachment-full size-full\" alt=\"\" srcset=\"https:\/\/loxam.com\/wp-content\/uploads\/2017\/06\/Loxam-communique-presse.jpg 800w, https:\/\/loxam.com\/wp-content\/uploads\/2017\/06\/Loxam-communique-presse-300x150.jpg 300w, https:\/\/loxam.com\/wp-content\/uploads\/2017\/06\/Loxam-communique-presse-768x384.jpg 768w\" sizes=\"(max-width: 800px) 100vw, 800px\" \/>\t\t<\/a>\n\t\t\t<\/div>\n<\/div>\n\t\t<div class=\"qodef-e-content\">\n\t\t\t\t\t\t\t<div class=\"qodef-e-info qodef-info--top\">\n\t\t\t\t\t<div itemprop=\"dateCreated\" class=\"qodef-e-info-item qodef-e-info-date entry-date \">\n\t<a itemprop=\"url\" href=\"https:\/\/loxam.com\/en\/2026\/03\/\">\n\t\t\t\t18 March 2026\t<\/a>\n<\/div>\n<div class=\"qodef-e-info-item qodef-e-info-category\">\n\t\t<a href=\"https:\/\/loxam.com\/en\/category\/press-release\/\" rel=\"category tag\">press release<\/a><\/div>\n\t\t\t\t<\/div>\n\t\t\t\t\t\t<div class=\"qodef-e-text\">\n\t\t\t\t<h5 itemprop=\"name\" class=\"qodef-e-title entry-title\">\n\t<a itemprop=\"url\" class=\"qodef-e-title-link\" href=\"https:\/\/loxam.com\/en\/group-performance-2025\/\">\n\t\tLOXAM posts solid performance in 2025 in a subdued market and set the stage for recovery in 2026\t<\/a>\n<\/h5>\n\t\t<p itemprop=\"description\" class=\"qodef-e-excerpt\">\n\t\t\t&nbsp; Key Highlights 2025 Annual revenue for 2025 amounted to \u20ac2.47 billion, down 4% in a challenging environment for the construction sector in Europe. A solid performance in a\t\t<\/p>\n\t\t\t\t<\/div>\n\t\t\t\t\t\t\t<div class=\"qodef-e-info qodef-info--bottom\">\n\t\t\t\t\t\t<div class=\"qodef-e-read-more\">\n\t\t<a class=\"qodef-shortcode qodef-m qodef-qi-button qodef-html--link qodef-layout--filled qodef-type--standard qodef-size--small qodef-icon--right qodef-hover--icon-move-horizontal-short\" href=\"https:\/\/loxam.com\/en\/group-performance-2025\/\" target=\"_self\">\t<span class=\"qodef-m-text\">Read More<\/span>\t<\/a>\t<\/div>\n\t\t\t\t<\/div>\n\t\t\t\t\t<\/div>\n\t<\/div>\n<\/article>\n<article class=\"qodef-e qodef-blog-item qodef-grid-item qodef-item--full post-17540 post type-post status-publish format-standard has-post-thumbnail hentry category-press-release\">\n\t<div class=\"qodef-e-inner\">\n\t\t<div class=\"qodef-e-media\">\n\t\t<div class=\"qodef-e-media-image\">\n\t\t<a itemprop=\"url\" href=\"https:\/\/loxam.com\/en\/loxam-reinforces-its-position-in-italy-through-the-acquisition-of-toscana-noleggi\/\">\n\t\t\t<img decoding=\"async\" width=\"800\" height=\"400\" src=\"https:\/\/loxam.com\/wp-content\/uploads\/2025\/09\/Loxam-Toscana-Noleggi.jpg\" class=\"attachment-full size-full\" alt=\"\" srcset=\"https:\/\/loxam.com\/wp-content\/uploads\/2025\/09\/Loxam-Toscana-Noleggi.jpg 800w, https:\/\/loxam.com\/wp-content\/uploads\/2025\/09\/Loxam-Toscana-Noleggi-300x150.jpg 300w, https:\/\/loxam.com\/wp-content\/uploads\/2025\/09\/Loxam-Toscana-Noleggi-768x384.jpg 768w\" sizes=\"(max-width: 800px) 100vw, 800px\" \/>\t\t<\/a>\n\t\t\t<\/div>\n<\/div>\n\t\t<div class=\"qodef-e-content\">\n\t\t\t\t\t\t\t<div class=\"qodef-e-info qodef-info--top\">\n\t\t\t\t\t<div itemprop=\"dateCreated\" class=\"qodef-e-info-item qodef-e-info-date entry-date \">\n\t<a itemprop=\"url\" href=\"https:\/\/loxam.com\/en\/2025\/09\/\">\n\t\t\t\t25 September 2025\t<\/a>\n<\/div>\n<div class=\"qodef-e-info-item qodef-e-info-category\">\n\t\t<a href=\"https:\/\/loxam.com\/en\/category\/press-release\/\" rel=\"category tag\">press release<\/a><\/div>\n\t\t\t\t<\/div>\n\t\t\t\t\t\t<div class=\"qodef-e-text\">\n\t\t\t\t<h5 itemprop=\"name\" class=\"qodef-e-title entry-title\">\n\t<a itemprop=\"url\" class=\"qodef-e-title-link\" href=\"https:\/\/loxam.com\/en\/loxam-reinforces-its-position-in-italy-through-the-acquisition-of-toscana-noleggi\/\">\n\t\tLoxam reinforces its position in italy through the acquisition of Toscana Noleggi\t<\/a>\n<\/h5>\n\t\t<p itemprop=\"description\" class=\"qodef-e-excerpt\">\n\t\t\tLoxam Access S.r.l. (\u201cLoxam\u201d), a subsidiary of the Loxam Group, announces the acquisition of Toscana Noleggi S.r.l. (\u201cToscana Noleggi\u201d) from its current shareholder Mr. Pao\t\t<\/p>\n\t\t\t\t<\/div>\n\t\t\t\t\t\t\t<div class=\"qodef-e-info qodef-info--bottom\">\n\t\t\t\t\t\t<div class=\"qodef-e-read-more\">\n\t\t<a class=\"qodef-shortcode qodef-m qodef-qi-button qodef-html--link qodef-layout--filled qodef-type--standard qodef-size--small qodef-icon--right qodef-hover--icon-move-horizontal-short\" href=\"https:\/\/loxam.com\/en\/loxam-reinforces-its-position-in-italy-through-the-acquisition-of-toscana-noleggi\/\" target=\"_self\">\t<span class=\"qodef-m-text\">Read More<\/span>\t<\/a>\t<\/div>\n\t\t\t\t<\/div>\n\t\t\t\t\t<\/div>\n\t<\/div>\n<\/article>\n<article class=\"qodef-e qodef-blog-item qodef-grid-item qodef-item--full post-17302 post type-post status-publish format-standard has-post-thumbnail hentry category-press-release\">\n\t<div class=\"qodef-e-inner\">\n\t\t<div class=\"qodef-e-media\">\n\t\t<div class=\"qodef-e-media-image\">\n\t\t<a itemprop=\"url\" href=\"https:\/\/loxam.com\/en\/resultats-2024-diversification-geographique\/\">\n\t\t\t<img decoding=\"async\" width=\"800\" height=\"400\" src=\"https:\/\/loxam.com\/wp-content\/uploads\/2022\/08\/Loxam-reprise-des-chantiers.jpg\" class=\"attachment-full size-full\" alt=\"\" srcset=\"https:\/\/loxam.com\/wp-content\/uploads\/2022\/08\/Loxam-reprise-des-chantiers.jpg 800w, https:\/\/loxam.com\/wp-content\/uploads\/2022\/08\/Loxam-reprise-des-chantiers-300x150.jpg 300w, https:\/\/loxam.com\/wp-content\/uploads\/2022\/08\/Loxam-reprise-des-chantiers-768x384.jpg 768w\" sizes=\"(max-width: 800px) 100vw, 800px\" \/>\t\t<\/a>\n\t\t\t<\/div>\n<\/div>\n\t\t<div class=\"qodef-e-content\">\n\t\t\t\t\t\t\t<div class=\"qodef-e-info qodef-info--top\">\n\t\t\t\t\t<div itemprop=\"dateCreated\" class=\"qodef-e-info-item qodef-e-info-date entry-date \">\n\t<a itemprop=\"url\" href=\"https:\/\/loxam.com\/en\/2025\/03\/\">\n\t\t\t\t12 March 2025\t<\/a>\n<\/div>\n<div class=\"qodef-e-info-item qodef-e-info-category\">\n\t\t<a href=\"https:\/\/loxam.com\/en\/category\/press-release\/\" rel=\"category tag\">press release<\/a><\/div>\n\t\t\t\t<\/div>\n\t\t\t\t\t\t<div class=\"qodef-e-text\">\n\t\t\t\t<h5 itemprop=\"name\" class=\"qodef-e-title entry-title\">\n\t<a itemprop=\"url\" class=\"qodef-e-title-link\" href=\"https:\/\/loxam.com\/en\/resultats-2024-diversification-geographique\/\">\n\t\tLoxam reports higher 2024 revenues thanks to geographic and sectoral diversification\t<\/a>\n<\/h5>\n\t\t<p itemprop=\"description\" class=\"qodef-e-excerpt\">\n\t\t\t&nbsp; 2024 Highlights Group revenues of \u20ac2,6 billion in 2024, up 1% compared with 2023. Revenues in France in excess of \u20ac1 billion, up 2% compared with 2023. The integration o\t\t<\/p>\n\t\t\t\t<\/div>\n\t\t\t\t\t\t\t<div class=\"qodef-e-info qodef-info--bottom\">\n\t\t\t\t\t\t<div class=\"qodef-e-read-more\">\n\t\t<a class=\"qodef-shortcode qodef-m qodef-qi-button qodef-html--link qodef-layout--filled qodef-type--standard qodef-size--small qodef-icon--right qodef-hover--icon-move-horizontal-short\" href=\"https:\/\/loxam.com\/en\/resultats-2024-diversification-geographique\/\" target=\"_self\">\t<span class=\"qodef-m-text\">Read More<\/span>\t<\/a>\t<\/div>\n\t\t\t\t<\/div>\n\t\t\t\t\t<\/div>\n\t<\/div>\n<\/article>\n<article class=\"qodef-e qodef-blog-item qodef-grid-item qodef-item--full post-16042 post type-post status-publish format-standard has-post-thumbnail hentry category-press-release\">\n\t<div class=\"qodef-e-inner\">\n\t\t<div class=\"qodef-e-media\">\n\t\t<div class=\"qodef-e-media-image\">\n\t\t<a itemprop=\"url\" href=\"https:\/\/loxam.com\/en\/results-2023-revenue\/\">\n\t\t\t<img loading=\"lazy\" decoding=\"async\" width=\"800\" height=\"400\" src=\"https:\/\/loxam.com\/wp-content\/uploads\/2023\/03\/VisuelCP_Resultats.png\" class=\"attachment-full size-full\" alt=\"\" srcset=\"https:\/\/loxam.com\/wp-content\/uploads\/2023\/03\/VisuelCP_Resultats.png 800w, https:\/\/loxam.com\/wp-content\/uploads\/2023\/03\/VisuelCP_Resultats-300x150.png 300w, https:\/\/loxam.com\/wp-content\/uploads\/2023\/03\/VisuelCP_Resultats-768x384.png 768w\" sizes=\"(max-width: 800px) 100vw, 800px\" \/>\t\t<\/a>\n\t\t\t<\/div>\n<\/div>\n\t\t<div class=\"qodef-e-content\">\n\t\t\t\t\t\t\t<div class=\"qodef-e-info qodef-info--top\">\n\t\t\t\t\t<div itemprop=\"dateCreated\" class=\"qodef-e-info-item qodef-e-info-date entry-date \">\n\t<a itemprop=\"url\" href=\"https:\/\/loxam.com\/en\/2024\/03\/\">\n\t\t\t\t21 March 2024\t<\/a>\n<\/div>\n<div class=\"qodef-e-info-item qodef-e-info-category\">\n\t\t<a href=\"https:\/\/loxam.com\/en\/category\/press-release\/\" rel=\"category tag\">press release<\/a><\/div>\n\t\t\t\t<\/div>\n\t\t\t\t\t\t<div class=\"qodef-e-text\">\n\t\t\t\t<h5 itemprop=\"name\" class=\"qodef-e-title entry-title\">\n\t<a itemprop=\"url\" class=\"qodef-e-title-link\" href=\"https:\/\/loxam.com\/en\/results-2023-revenue\/\">\n\t\tLoxam Group achieves revenue of \u20ac2.6 billion for the first time, and exceeds one billion euros in revenue on its domestic French market\t<\/a>\n<\/h5>\n\t\t<p itemprop=\"description\" class=\"qodef-e-excerpt\">\n\t\t\t2023 Highlights Group revenue of 2.6 billion euros in 2023, up 6.2%. For the first time, revenue of over 1 billion euros in France, up 6.6% on 2022. New acquisitions: JIAB Hyrcente\t\t<\/p>\n\t\t\t\t<\/div>\n\t\t\t\t\t\t\t<div class=\"qodef-e-info qodef-info--bottom\">\n\t\t\t\t\t\t<div class=\"qodef-e-read-more\">\n\t\t<a class=\"qodef-shortcode qodef-m qodef-qi-button qodef-html--link qodef-layout--filled qodef-type--standard qodef-size--small qodef-icon--right qodef-hover--icon-move-horizontal-short\" href=\"https:\/\/loxam.com\/en\/results-2023-revenue\/\" target=\"_self\">\t<span class=\"qodef-m-text\">Read More<\/span>\t<\/a>\t<\/div>\n\t\t\t\t<\/div>\n\t\t\t\t\t<\/div>\n\t<\/div>\n<\/article>\n<article class=\"qodef-e qodef-blog-item qodef-grid-item qodef-item--full post-16011 post type-post status-publish format-standard has-post-thumbnail hentry category-press-release\">\n\t<div class=\"qodef-e-inner\">\n\t\t<div class=\"qodef-e-media\">\n\t\t<div class=\"qodef-e-media-image\">\n\t\t<a itemprop=\"url\" href=\"https:\/\/loxam.com\/en\/validation-trajectoire-carbone-sbti\/\">\n\t\t\t<img loading=\"lazy\" decoding=\"async\" width=\"800\" height=\"400\" src=\"https:\/\/loxam.com\/wp-content\/uploads\/2024\/01\/SBTI.png\" class=\"attachment-full size-full\" alt=\"\" srcset=\"https:\/\/loxam.com\/wp-content\/uploads\/2024\/01\/SBTI.png 800w, https:\/\/loxam.com\/wp-content\/uploads\/2024\/01\/SBTI-300x150.png 300w, https:\/\/loxam.com\/wp-content\/uploads\/2024\/01\/SBTI-768x384.png 768w\" sizes=\"(max-width: 800px) 100vw, 800px\" \/>\t\t<\/a>\n\t\t\t<\/div>\n<\/div>\n\t\t<div class=\"qodef-e-content\">\n\t\t\t\t\t\t\t<div class=\"qodef-e-info qodef-info--top\">\n\t\t\t\t\t<div itemprop=\"dateCreated\" class=\"qodef-e-info-item qodef-e-info-date entry-date \">\n\t<a itemprop=\"url\" href=\"https:\/\/loxam.com\/en\/2024\/01\/\">\n\t\t\t\t29 January 2024\t<\/a>\n<\/div>\n<div class=\"qodef-e-info-item qodef-e-info-category\">\n\t\t<a href=\"https:\/\/loxam.com\/en\/category\/press-release\/\" rel=\"category tag\">press release<\/a><\/div>\n\t\t\t\t<\/div>\n\t\t\t\t\t\t<div class=\"qodef-e-text\">\n\t\t\t\t<h5 itemprop=\"name\" class=\"qodef-e-title entry-title\">\n\t<a itemprop=\"url\" class=\"qodef-e-title-link\" href=\"https:\/\/loxam.com\/en\/validation-trajectoire-carbone-sbti\/\">\n\t\tLOXAM&#8217;s carbon trajectory has been validated by the Science Based Targets initiative (SBTi), making the Group the first equipment rental company to obtain this certification.\t<\/a>\n<\/h5>\n\t\t<p itemprop=\"description\" class=\"qodef-e-excerpt\">\n\t\t\tLOXAM, a leading French European company, and the 4th largest construction equipment rental company in the world, is pleased to announce that its greenhouse gas (GHG) reduction tra\t\t<\/p>\n\t\t\t\t<\/div>\n\t\t\t\t\t\t\t<div class=\"qodef-e-info qodef-info--bottom\">\n\t\t\t\t\t\t<div class=\"qodef-e-read-more\">\n\t\t<a class=\"qodef-shortcode qodef-m qodef-qi-button qodef-html--link qodef-layout--filled qodef-type--standard qodef-size--small qodef-icon--right qodef-hover--icon-move-horizontal-short\" href=\"https:\/\/loxam.com\/en\/validation-trajectoire-carbone-sbti\/\" target=\"_self\">\t<span class=\"qodef-m-text\">Read More<\/span>\t<\/a>\t<\/div>\n\t\t\t\t<\/div>\n\t\t\t\t\t<\/div>\n\t<\/div>\n<\/article>\n\t<\/div>\n\t\t<div class=\"qodef-addons-m-pagination qodef--standard\">\n\t\t<nav class=\"navigation pagination\" role=\"navigation\" aria-label=\"Posts\">\n\t\t\t<h2 class=\"screen-reader-text\">Posts navigation<\/h2>\n\t\t\t<div class=\"nav-links\">\n\t\t\t\t<span aria-current=\"page\" class=\"page-numbers current\">1<\/span>\n<a class=\"page-numbers\" href=\"https:\/\/loxam.com\/en\/wp-json\/wp\/v2\/pages\/13274\/page\/2\/\">2<\/a>\n<a class=\"page-numbers\" href=\"https:\/\/loxam.com\/en\/wp-json\/wp\/v2\/pages\/13274\/page\/3\/\">3<\/a>\n<span class=\"page-numbers dots\">&hellip;<\/span>\n<a class=\"page-numbers\" href=\"https:\/\/loxam.com\/en\/wp-json\/wp\/v2\/pages\/13274\/page\/11\/\">11<\/a>\n<a class=\"next page-numbers\" href=\"https:\/\/loxam.com\/en\/wp-json\/wp\/v2\/pages\/13274\/page\/2\/\"><svg class=\"qodef-m-pagination-icon\" xmlns=\"http:\/\/www.w3.org\/2000\/svg\" x=\"0px\" y=\"0px\" viewBox=\"0 0 34.2 32.3\" xml:space=\"preserve\" style=\"stroke-width: 2;\"><line x1=\"0\" y1=\"16\" x2=\"33\" y2=\"16\"\/><line x1=\"17.3\" y1=\"0.7\" x2=\"33.2\" y2=\"16.5\"\/><line x1=\"17.3\" y1=\"31.6\" x2=\"33.5\" y2=\"15.4\"\/><\/svg><\/a>\t\t\t<\/div>\n\t\t<\/nav>\n\t<\/div>\n<\/div>\n\t\t\t\t<\/div>\n\t\t\t\t<\/div>\n\t\t\t\t<div class=\"elementor-element elementor-element-d512e19 elementor-widget elementor-widget-spacer\" data-id=\"d512e19\" data-element_type=\"widget\" data-e-type=\"widget\" data-widget_type=\"spacer.default\">\n\t\t\t\t<div class=\"elementor-widget-container\">\n\t\t\t\t\t\t\t<div class=\"elementor-spacer\">\n\t\t\t<div class=\"elementor-spacer-inner\"><\/div>\n\t\t<\/div>\n\t\t\t\t\t\t<\/div>\n\t\t\t\t<\/div>\n\t\t\t\t\t<\/div>\n\t\t<\/div>\n\t\t\t\t\t<\/div>\n\t\t<\/section>\n\t\t\t\t<\/div>\n\t\t","protected":false},"excerpt":{"rendered":"<p>News and Press Releases Aucun article n\u2019a \u00e9t\u00e9 trouv\u00e9 pour les param\u00e8tres de requ\u00eate fournis.<\/p>\n","protected":false},"author":1,"featured_media":0,"parent":0,"menu_order":0,"comment_status":"closed","ping_status":"closed","template":"page-full-width.php","meta":{"inline_featured_image":false,"footnotes":""},"class_list":["post-13274","page","type-page","status-publish","hentry"],"acf":[],"_links":{"self":[{"href":"https:\/\/loxam.com\/en\/wp-json\/wp\/v2\/pages\/13274","targetHints":{"allow":["GET"]}}],"collection":[{"href":"https:\/\/loxam.com\/en\/wp-json\/wp\/v2\/pages"}],"about":[{"href":"https:\/\/loxam.com\/en\/wp-json\/wp\/v2\/types\/page"}],"author":[{"embeddable":true,"href":"https:\/\/loxam.com\/en\/wp-json\/wp\/v2\/users\/1"}],"replies":[{"embeddable":true,"href":"https:\/\/loxam.com\/en\/wp-json\/wp\/v2\/comments?post=13274"}],"version-history":[{"count":5,"href":"https:\/\/loxam.com\/en\/wp-json\/wp\/v2\/pages\/13274\/revisions"}],"predecessor-version":[{"id":13280,"href":"https:\/\/loxam.com\/en\/wp-json\/wp\/v2\/pages\/13274\/revisions\/13280"}],"wp:attachment":[{"href":"https:\/\/loxam.com\/en\/wp-json\/wp\/v2\/media?parent=13274"}],"curies":[{"name":"wp","href":"https:\/\/api.w.org\/{rel}","templated":true}]}}